{"id":11179,"date":"2020-08-30T16:23:21","date_gmt":"2020-08-30T16:23:21","guid":{"rendered":"https:\/\/www.uni3trieste.it\/new\/?page_id=11179"},"modified":"2021-03-08T16:20:07","modified_gmt":"2021-03-08T16:20:07","slug":"uni3triestenews","status":"publish","type":"page","link":"https:\/\/uni3trieste.it\/index.php\/uni3triestenews\/","title":{"rendered":"UNI3TRIESTENEWS"},"content":{"rendered":"<p>[et_pb_section fb_built=&#8221;1&#8243; _builder_version=&#8221;4.6.0&#8243; custom_padding=&#8221;0px||||false|false&#8221;][et_pb_row _builder_version=&#8221;3.25&#8243; background_size=&#8221;initial&#8221; background_position=&#8221;top_left&#8221; background_repeat=&#8221;repeat&#8221;][et_pb_column type=&#8221;4_4&#8243; _builder_version=&#8221;3.25&#8243; custom_padding=&#8221;|||&#8221; custom_padding__hover=&#8221;|||&#8221;][et_pb_blog posts_number=&#8221;25&#8243; include_categories=&#8221;11,20&#8243; meta_date=&#8221;j M Y&#8221; show_thumbnail=&#8221;off&#8221; excerpt_length=&#8221;400&#8243; show_more=&#8221;on&#8221; show_author=&#8221;off&#8221; show_categories=&#8221;off&#8221; _builder_version=&#8221;4.9.1&#8243; _module_preset=&#8221;default&#8221; header_font=&#8221;Fjalla One||||||||&#8221; pagination_font=&#8221;|||on|||||&#8221; pagination_text_color=&#8221;#000000&#8243; hover_enabled=&#8221;0&#8243; sticky_enabled=&#8221;0&#8243;][\/et_pb_blog][\/et_pb_column][\/et_pb_row][\/et_pb_section]<\/p>\n","protected":false},"excerpt":{"rendered":"","protected":false},"author":2,"featured_media":0,"parent":0,"menu_order":0,"comment_status":"closed","ping_status":"open","template":"","meta":{"_et_pb_use_builder":"on","_et_pb_old_content":"<!-- wp:paragraph -->\r\n<p>Le attivit\u00e0 dell\u2019Universit\u00e0 della Terza Et\u00e0 si concretizzano in una serie di proposte quali:<\/p>\r\n<ul>\r\n<li><strong>Corsi culturali<\/strong>\u00a0in 48 materie raggruppate in 12 indirizzi, tra cui le lingue straniere e l\u2019informatica;<\/li>\r\n<li><strong>Laboratori:\u00a0<\/strong>dizione, recitazione dialettale, canto corale, pianoforte, ceramica, sbalzo su rame, ceramica, mosaico, pittura, disegno, tiffany, lavori a maglia, bigiotteria, hardanger, tombolo, merletto, uncinetto, cucina<\/li>\r\n<li><strong>Conferenze Pubbliche;<\/strong><\/li>\r\n<li><strong>Attivit\u00e0 collaterali:<\/strong>\u00a0iniziative ricreative, momenti di incontro e socializzazione, visite guidate;<\/li>\r\n<\/ul>\r\n<p>Una\u00a0<b>biblioteca circolante<\/b>\u00a0\u00e8 a disposizione di soci, docenti ed iscritti presso la sede di via Corti 1\/1 nelle giornate di marted\u00ec e venerd\u00ec dalle ore 10.00 alle ore 11.30, solo per restituzione libri mercoled\u00ec dalle ore 15.30 alle 17.30.<\/p>\r\n<p>Dispone di oltre 3.000 libri ed annualmente viene dotata di nuove pubblicazioni.<\/p>\r\n<p><b>Obiettivi:\u00a0<\/b>La formazione \u00e8 il fondamento per la realizzazione della persona e un mezzo per socializzare migliorando le condizioni di vita.<br \/>I partecipanti trovano un\u2019opportunit\u00e0 per:<\/p>\r\n<ul>\r\n<li><strong>Conoscere<\/strong>\u00a0cose nuove;<\/li>\r\n<li><strong>Confrontarsi e dialogare<\/strong>\u00a0con gli altri;<\/li>\r\n<li><strong>Maturare\u00a0<\/strong>come persone nel modo di porsi di fronte alla realt\u00e0;<\/li>\r\n<li><strong>Crescere\u00a0<\/strong>nella partecipazione per essere cittadini protagonisti;<\/li>\r\n<li><strong>Vivere<\/strong>\u00a0l\u2019et\u00e0 matura in modo attivo e propositivo.<\/li>\r\n<\/ul>\r\n<p><b>Elevata qualit\u00e0 dei docenti:<\/b>\u00a0I corsi sono tenuti a cura di docenti universitari, professori di scuola media o da noti cultori delle specifiche discipline.<\/p>\r\n<p><b>Gli iscritti:<\/b>\u00a0L\u2019attivit\u00e0 nell\u2019Associazione \u00e8 aperta a tutti coloro che ne fanno richiesta e condividono gli ideali morali e sociali della Universit\u00e0.\u00a0<b>Non ci sono limiti di et\u00e0.<\/b><br \/>L\u2019ammissione \u00e8 subordinata al versamento da parte dei corsisti delle quote associative e di partecipazione determinate annualmente dal Consiglio Direttivo.<\/p>\r\n<p><b><i>Non \u00e8 richiesto alcun titolo di studio; non sono previsti esami o valutazioni finali.<\/i><\/b><\/p>\r\n<!-- \/wp:paragraph -->","_et_gb_content_width":"","footnotes":""},"post_mailing_queue_ids":[],"_links":{"self":[{"href":"https:\/\/uni3trieste.it\/index.php\/wp-json\/wp\/v2\/pages\/11179"}],"collection":[{"href":"https:\/\/uni3trieste.it\/index.php\/wp-json\/wp\/v2\/pages"}],"about":[{"href":"https:\/\/uni3trieste.it\/index.php\/wp-json\/wp\/v2\/types\/page"}],"author":[{"embeddable":true,"href":"https:\/\/uni3trieste.it\/index.php\/wp-json\/wp\/v2\/users\/2"}],"replies":[{"embeddable":true,"href":"https:\/\/uni3trieste.it\/index.php\/wp-json\/wp\/v2\/comments?post=11179"}],"version-history":[{"count":3,"href":"https:\/\/uni3trieste.it\/index.php\/wp-json\/wp\/v2\/pages\/11179\/revisions"}],"predecessor-version":[{"id":13338,"href":"https:\/\/uni3trieste.it\/index.php\/wp-json\/wp\/v2\/pages\/11179\/revisions\/13338"}],"wp:attachment":[{"href":"https:\/\/uni3trieste.it\/index.php\/wp-json\/wp\/v2\/media?parent=11179"}],"curies":[{"name":"wp","href":"https:\/\/api.w.org\/{rel}","templated":true}]}}