{"id":219,"date":"2020-08-28T02:53:13","date_gmt":"2020-08-28T02:53:13","guid":{"rendered":"https:\/\/www.uni3trieste.it\/new\/?page_id=219"},"modified":"2025-06-03T07:46:36","modified_gmt":"2025-06-03T06:46:36","slug":"cenni-storici","status":"publish","type":"page","link":"https:\/\/uni3trieste.it\/index.php\/cenni-storici\/","title":{"rendered":"CENNI STORICI"},"content":{"rendered":"<p>L\u2019Universit\u00e0 della Terza Et\u00e0 di Trieste nasce nell\u2019ottobre 1982, su iniziativa del Lions Club di Trieste, che intendeva celebrare con un \u201cservice\u201d importante i 25 anni dalla fondazione del Lions Club triestino.<\/p>\n<p>\u00c8 stato per soddisfare un vero e proprio \u201cbisogno sociale\u201d che \u00e8 stata istituita la nostra Associazione, nel cui atto costitutivo, sottoscritto dai soci fondatori sotto gli auspici delle istituzioni e del mondo accademico triestino, trovano ampio spazio, ed in pari misura, finalit\u00e0 di promozione della cultura e socialit\u00e0. \u00c8 stata una formidabile intuizione, anche rispetto a quanto scritto nel 2001 nel nuovo testo dell\u2019art. 118 della Costituzione: una consonanza perfetta ed armoniosa con esso, nella parte in cui riconosce alla \u201cautonoma iniziativa dei cittadini, singoli e associati\u201d, la facolt\u00e0 di svolgere \u201cattivit\u00e0 di interesse generale\u201d, sulla base del principio di sussidiariet\u00e0.<\/p>\n<p>La cittadinanza ha ben compreso, e condiviso, l\u2019iniziativa, tant\u2019\u00e8 che vi \u00e8 stata da subito grande partecipazione: gli iscritti al primo Anno Accademico sono stati, inaspettatamente, pi\u00f9 di cinquecento, e la crescita \u00e8 seguitata anche negli anni successivi, tanto da superare in breve tempo i 1000 iscritti, e provocando crescenti problemi di carenza di sedi e di aule; problemi risolti, in parte, soltanto nel 1990, quando, grazie al sostegno finanziario pubblico e privato, l\u2019Universit\u00e0 ha potuto trasferire le proprie attivit\u00e0 nell\u2019attuale sede di via del Lazzaretto Vecchio. Le successive acquisizioni, del 2002 e del 2012, realizzate senza particolari aiuti e sostegni finanziari pubblici, attraverso un\u2019attenta ed oculata gestione delle nostre risorse, ci hanno consentito di allargare la sede al piano superiore, dotandoci dell\u2019attuale sede, che dispone di 10 aule capienti e comode, e di adeguati spazi per uffici e servizi.<\/p>\n<p>Il resto \u00e8 la storia degli uomini e delle donne che hanno fatto grande questa Associazione, credendo in un progetto educativo lontano dagli stereotipi delle lezioni ex cathedra, investendo in un disegno di servizio alla persona che rifugge lo schema che vede la Pubblica Amministrazione quale unico erogatore di servizi, titolare esclusivo dell\u2019interesse pubblico.<\/p>\n<p>Nel 2004 \u00e8 stata aperta la sezione di Muggia, nel 2008 quella di Duino Aurisina.<\/p>\n<p>Nel 2022 sono stati celebrati i 40 anni di attivit\u00e0, con riconoscimenti delle Istituzioni per l\u2019importante ruolo sociale svolto da UNI3 a favore della collettivit\u00e0. Nel corso di una manifestazione pubblica Il Comune di Trieste ha conferito ad UNI3 il prestigioso Sigillo Trecentesco della citt\u00e0.<\/p>\n<p>Nel 2015 \u00e8 sorto \u201cUni3TriesteNews\u201d, il giornale on line collegato al nostro sito web, che descrive le attivit\u00e0 di Uni3 Trieste, con i contributi di docenti, assistenti e iscritti, incentrati sui corsi, sui laboratori, sulla Biblioteca, sulle conferenze e su ogni servizio e iniziativa offerti agli iscritti.<\/p>\n<p>L\u2019attivit\u00e0 pu\u00f2 essere riassunta in: oltre 350 corsi, relativi a 73 materie, suddivise in 12 indirizzi, 63 corsi di ben 9 lingue, 41 laboratori artistici, con oltre 7000 ore di lezione erogate, e oltre 90.000 presenze complessive.<\/p>\n<p>Sono attive forme di collaborazione con tutti gli istituti scientifici aventi sede nella provincia di Trieste, con il Teatro Verdi, con tutti i teatri di prosa della citt\u00e0, che ci permettono di offrire agli iscritti programmi riservati specificamente a loro.<\/p>\n","protected":false},"excerpt":{"rendered":"<p>L\u2019Universit\u00e0 della Terza Et\u00e0 di Trieste nasce nell\u2019ottobre 1982, su iniziativa del Lions Club di Trieste, che intendeva celebrare con un \u201cservice\u201d importante i 25 anni dalla fondazione del Lions Club triestino. \u00c8 stato per soddisfare un vero e proprio \u201cbisogno sociale\u201d che \u00e8 stata istituita la nostra Associazione, nel cui atto costitutivo, sottoscritto dai [&hellip;]<\/p>\n","protected":false},"author":2,"featured_media":0,"parent":0,"menu_order":0,"comment_status":"closed","ping_status":"open","template":"","meta":{"_et_pb_use_builder":"off","_et_pb_old_content":"","_et_gb_content_width":"","footnotes":""},"post_mailing_queue_ids":[],"_links":{"self":[{"href":"https:\/\/uni3trieste.it\/index.php\/wp-json\/wp\/v2\/pages\/219"}],"collection":[{"href":"https:\/\/uni3trieste.it\/index.php\/wp-json\/wp\/v2\/pages"}],"about":[{"href":"https:\/\/uni3trieste.it\/index.php\/wp-json\/wp\/v2\/types\/page"}],"author":[{"embeddable":true,"href":"https:\/\/uni3trieste.it\/index.php\/wp-json\/wp\/v2\/users\/2"}],"replies":[{"embeddable":true,"href":"https:\/\/uni3trieste.it\/index.php\/wp-json\/wp\/v2\/comments?post=219"}],"version-history":[{"count":15,"href":"https:\/\/uni3trieste.it\/index.php\/wp-json\/wp\/v2\/pages\/219\/revisions"}],"predecessor-version":[{"id":18913,"href":"https:\/\/uni3trieste.it\/index.php\/wp-json\/wp\/v2\/pages\/219\/revisions\/18913"}],"wp:attachment":[{"href":"https:\/\/uni3trieste.it\/index.php\/wp-json\/wp\/v2\/media?parent=219"}],"curies":[{"name":"wp","href":"https:\/\/api.w.org\/{rel}","templated":true}]}}