{"id":245,"date":"2020-08-28T03:16:27","date_gmt":"2020-08-28T03:16:27","guid":{"rendered":"https:\/\/www.uni3trieste.it\/new\/?page_id=245"},"modified":"2023-07-19T07:12:46","modified_gmt":"2023-07-19T07:12:46","slug":"attivita-2","status":"publish","type":"page","link":"https:\/\/uni3trieste.it\/index.php\/attivita-2\/","title":{"rendered":"ATTIVIT\u00c0"},"content":{"rendered":"<p>Le attivit\u00e0 dell\u2019Universit\u00e0 della Terza Et\u00e0 si concretizzano in una serie di proposte quali:<br \/>\n\uf0b7 Corsi culturali in 73 materie raggruppate in 12 indirizzi, tra cui le lingue straniere e<br \/>\nl\u2019informatica;<br \/>\n\uf0b7 Laboratori:\u00a0dizione e lettura interpretativa, recitazione teatrale e dialettale, canto corale,<br \/>\npianoforte, ceramica, sbalzo su rame, mosaico, pittura, disegno, tiffany, lavori a maglia,<br \/>\nbigiotteria, hardanger, tombolo, merletto, uncinetto, cucina<br \/>\n\uf0b7 Conferenze Pubbliche;<br \/>\n\uf0b7 Attivit\u00e0 collaterali:\u00a0iniziative ricreative, giochi di intelligenza (scacchi, bridge, burraco),<br \/>\nmomenti di incontro e di socializzazione, visite guidate;<br \/>\nUna\u00a0biblioteca circolante\u00a0\u00e8 a disposizione di soci, docenti ed iscritti presso la sede di via<br \/>\nCorti 1\/1 nelle giornate di marted\u00ec e venerd\u00ec dalle ore 10.00 alle ore 11.30.<br \/>\nDispone di oltre 5.000 libri ed annualmente viene dotata di nuove pubblicazioni.<br \/>\nDa ottobre 2023 sar\u00e0 a disposizione una fonoteca circolante con oltre 1.000 CD di musica classica, frutto di pi\u00f9 donazioni, che potr\u00e0 consentire agli interessati l&#8217;acquisizione a titolo di prestito temporaneo e gratuito dei CD disponibili.<br \/>\nObiettivi: La formazione \u00e8 il fondamento per la realizzazione della persona e un mezzo<br \/>\nper socializzare migliorando le condizioni di vita.<br \/>\nI partecipanti trovano un\u2019opportunit\u00e0 per:<br \/>\n\uf0b7 Conoscere\u00a0cose nuove;<br \/>\n\uf0b7 Confrontarsi e dialogare\u00a0con gli altri;<br \/>\n\uf0b7 Maturare\u00a0come persone nel modo di porsi di fronte alla realt\u00e0;<br \/>\n\uf0b7 Crescere\u00a0nella partecipazione per essere cittadini protagonisti;<br \/>\n\uf0b7 Vivere\u00a0l\u2019et\u00e0 matura in modo attivo e propositivo.<br \/>\nElevata qualit\u00e0 dei docenti:\u00a0I corsi sono tenuti a cura di docenti universitari, professori di<br \/>\nscuole medie superiori o da noti cultori delle specifiche discipline.<br \/>\nGli iscritti:\u00a0L\u2019attivit\u00e0 nell\u2019Associazione \u00e8 aperta a tutti coloro che ne fanno richiesta e<br \/>\ncondividono gli ideali morali e sociali della Universit\u00e0.\u00a0Non ci sono limiti di et\u00e0.<br \/>\nL\u2019ammissione \u00e8 subordinata al versamento da parte dei corsisti delle quote associative e<br \/>\ndi partecipazione determinate annualmente dal Consiglio Direttivo.<br \/>\nNon \u00e8 richiesto alcun titolo di studio; non sono previsti esami o valutazioni finali.<\/p>\n","protected":false},"excerpt":{"rendered":"<p>Le attivit\u00e0 dell\u2019Universit\u00e0 della Terza Et\u00e0 si concretizzano in una serie di proposte quali: \uf0b7 Corsi culturali in 73 materie raggruppate in 12 indirizzi, tra cui le lingue straniere e l\u2019informatica; \uf0b7 Laboratori:\u00a0dizione e lettura interpretativa, recitazione teatrale e dialettale, canto corale, pianoforte, ceramica, sbalzo su rame, mosaico, pittura, disegno, tiffany, lavori a maglia, bigiotteria, [&hellip;]<\/p>\n","protected":false},"author":2,"featured_media":0,"parent":0,"menu_order":0,"comment_status":"closed","ping_status":"open","template":"","meta":{"_et_pb_use_builder":"off","_et_pb_old_content":"","_et_gb_content_width":"","footnotes":""},"post_mailing_queue_ids":[],"_links":{"self":[{"href":"https:\/\/uni3trieste.it\/index.php\/wp-json\/wp\/v2\/pages\/245"}],"collection":[{"href":"https:\/\/uni3trieste.it\/index.php\/wp-json\/wp\/v2\/pages"}],"about":[{"href":"https:\/\/uni3trieste.it\/index.php\/wp-json\/wp\/v2\/types\/page"}],"author":[{"embeddable":true,"href":"https:\/\/uni3trieste.it\/index.php\/wp-json\/wp\/v2\/users\/2"}],"replies":[{"embeddable":true,"href":"https:\/\/uni3trieste.it\/index.php\/wp-json\/wp\/v2\/comments?post=245"}],"version-history":[{"count":8,"href":"https:\/\/uni3trieste.it\/index.php\/wp-json\/wp\/v2\/pages\/245\/revisions"}],"predecessor-version":[{"id":16242,"href":"https:\/\/uni3trieste.it\/index.php\/wp-json\/wp\/v2\/pages\/245\/revisions\/16242"}],"wp:attachment":[{"href":"https:\/\/uni3trieste.it\/index.php\/wp-json\/wp\/v2\/media?parent=245"}],"curies":[{"name":"wp","href":"https:\/\/api.w.org\/{rel}","templated":true}]}}