{"id":251,"date":"2020-08-28T03:20:22","date_gmt":"2020-08-28T03:20:22","guid":{"rendered":"https:\/\/www.uni3trieste.it\/new\/?page_id=251"},"modified":"2025-06-03T07:44:12","modified_gmt":"2025-06-03T06:44:12","slug":"segreteria-corsi","status":"publish","type":"page","link":"https:\/\/uni3trieste.it\/index.php\/segreteria-corsi\/","title":{"rendered":"SEGRETERIA CORSI"},"content":{"rendered":"\r\n<h3 class=\"fusion-responsive-typography-calculated\" data-fontsize=\"54\" data-lineheight=\"62.64px\">SEGRETERIA<\/h3>\r\n<p>Segretaria sig.ra Assunta Genovese.<b><br \/><\/b><strong>Orario da marted\u00ec 3 giugno al 10 ottobre 2025:<\/strong><br \/>da luned\u00ec a venerd\u00ec dalle ore 9.00 alle ore 12.00.<b><br \/><\/b><\/p>\r\n<p>&nbsp;<\/p>\r\n<h3 class=\"fusion-responsive-typography-calculated\" data-fontsize=\"54\" data-lineheight=\"62.64px\">GRUPPO ASSISTENTI<\/h3>\r\n<p>L\u2019Universit\u00e0 della Terza Et\u00e0 &#8220;Danilo Dobrina&#8221; Trieste APS dispone di un gruppo Assistenti composto da circa 40 persone.<br \/>Coordinatore\u00a0sig.ra Gabriella Iavarone.<\/p>\r\n","protected":false},"excerpt":{"rendered":"<p>SEGRETERIA Segretaria sig.ra Assunta Genovese.Orario da marted\u00ec 3 giugno al 10 ottobre 2025:da luned\u00ec a venerd\u00ec dalle ore 9.00 alle ore 12.00. &nbsp; GRUPPO ASSISTENTI L\u2019Universit\u00e0 della Terza Et\u00e0 &#8220;Danilo Dobrina&#8221; Trieste APS dispone di un gruppo Assistenti composto da circa 40 persone.Coordinatore\u00a0sig.ra Gabriella Iavarone.<\/p>\n","protected":false},"author":2,"featured_media":0,"parent":0,"menu_order":0,"comment_status":"closed","ping_status":"open","template":"","meta":{"_et_pb_use_builder":"off","_et_pb_old_content":"","_et_gb_content_width":"","footnotes":""},"post_mailing_queue_ids":[],"_links":{"self":[{"href":"https:\/\/uni3trieste.it\/index.php\/wp-json\/wp\/v2\/pages\/251"}],"collection":[{"href":"https:\/\/uni3trieste.it\/index.php\/wp-json\/wp\/v2\/pages"}],"about":[{"href":"https:\/\/uni3trieste.it\/index.php\/wp-json\/wp\/v2\/types\/page"}],"author":[{"embeddable":true,"href":"https:\/\/uni3trieste.it\/index.php\/wp-json\/wp\/v2\/users\/2"}],"replies":[{"embeddable":true,"href":"https:\/\/uni3trieste.it\/index.php\/wp-json\/wp\/v2\/comments?post=251"}],"version-history":[{"count":19,"href":"https:\/\/uni3trieste.it\/index.php\/wp-json\/wp\/v2\/pages\/251\/revisions"}],"predecessor-version":[{"id":18912,"href":"https:\/\/uni3trieste.it\/index.php\/wp-json\/wp\/v2\/pages\/251\/revisions\/18912"}],"wp:attachment":[{"href":"https:\/\/uni3trieste.it\/index.php\/wp-json\/wp\/v2\/media?parent=251"}],"curies":[{"name":"wp","href":"https:\/\/api.w.org\/{rel}","templated":true}]}}