{"id":260,"date":"2020-08-28T03:27:20","date_gmt":"2020-08-28T03:27:20","guid":{"rendered":"https:\/\/www.uni3trieste.it\/new\/?page_id=260"},"modified":"2025-09-04T09:07:01","modified_gmt":"2025-09-04T08:07:01","slug":"iscrizione-e-partecipazione","status":"publish","type":"page","link":"https:\/\/uni3trieste.it\/index.php\/iscrizione-e-partecipazione\/","title":{"rendered":"ISCRIZIONE E PARTECIPAZIONE"},"content":{"rendered":"<h2>APERTURA ISCRIZIONI 2025\/2026<\/h2>\n<p><strong>Apertura iscrizioni:<\/strong><\/p>\n<ul>\n<li><strong>Sede di Trieste<\/strong>, ingresso da Via Corti 1\/1, da <strong>mercoled\u00ec 10 settembre 2025<\/strong>\u00a0con il seguente orario:<br \/>\nda luned\u00ec a venerd\u00ec dalle 9.00 alle 11.30, il mercoled\u00ec anche dalle 15.30 alle 17.00.<\/li>\n<li><strong>Sede di Muggia<\/strong>, Viale XXV Aprile 3, inizio iscrizioni da <strong>giove<\/strong><strong>d\u00ec 11 settembre 2025<\/strong>\u00a0con il seguente orario:<br \/>\nluned\u00ec, mercoled\u00ec e gioved\u00ec dalle 10.00 alle 12.00; da luned\u00ec 13 ottobre 2025 solo il gioved\u00ec dalle 10.00 alle 12.00.<\/li>\n<li><strong>sede di Duino Aurisina<\/strong>, Casa della Pietra Aurisina 158, inizio iscrizioni da <strong>mercoled\u00ec 24 settembre 2025<\/strong>\u00a0con il seguente orario:<br \/>\nmercoled\u00ec dalle 10.00 alle 12.00.<\/li>\n<\/ul>\n","protected":false},"excerpt":{"rendered":"<p>APERTURA ISCRIZIONI 2025\/2026 Apertura iscrizioni: Sede di Trieste, ingresso da Via Corti 1\/1, da mercoled\u00ec 10 settembre 2025\u00a0con il seguente orario: da luned\u00ec a venerd\u00ec dalle 9.00 alle 11.30, il mercoled\u00ec anche dalle 15.30 alle 17.00. Sede di Muggia, Viale XXV Aprile 3, inizio iscrizioni da gioved\u00ec 11 settembre 2025\u00a0con il seguente orario: luned\u00ec, mercoled\u00ec [&hellip;]<\/p>\n","protected":false},"author":2,"featured_media":0,"parent":0,"menu_order":0,"comment_status":"closed","ping_status":"open","template":"","meta":{"_et_pb_use_builder":"off","_et_pb_old_content":"","_et_gb_content_width":"","footnotes":""},"post_mailing_queue_ids":[],"_links":{"self":[{"href":"https:\/\/uni3trieste.it\/index.php\/wp-json\/wp\/v2\/pages\/260"}],"collection":[{"href":"https:\/\/uni3trieste.it\/index.php\/wp-json\/wp\/v2\/pages"}],"about":[{"href":"https:\/\/uni3trieste.it\/index.php\/wp-json\/wp\/v2\/types\/page"}],"author":[{"embeddable":true,"href":"https:\/\/uni3trieste.it\/index.php\/wp-json\/wp\/v2\/users\/2"}],"replies":[{"embeddable":true,"href":"https:\/\/uni3trieste.it\/index.php\/wp-json\/wp\/v2\/comments?post=260"}],"version-history":[{"count":19,"href":"https:\/\/uni3trieste.it\/index.php\/wp-json\/wp\/v2\/pages\/260\/revisions"}],"predecessor-version":[{"id":19019,"href":"https:\/\/uni3trieste.it\/index.php\/wp-json\/wp\/v2\/pages\/260\/revisions\/19019"}],"wp:attachment":[{"href":"https:\/\/uni3trieste.it\/index.php\/wp-json\/wp\/v2\/media?parent=260"}],"curies":[{"name":"wp","href":"https:\/\/api.w.org\/{rel}","templated":true}]}}